{"id":24,"date":"2026-03-25T12:19:29","date_gmt":"2026-03-25T12:19:29","guid":{"rendered":"http:\/\/toksycznakosmetyczka.pl\/?page_id=24"},"modified":"2026-03-25T12:19:29","modified_gmt":"2026-03-25T12:19:29","slug":"o-blogu","status":"publish","type":"page","link":"http:\/\/toksycznakosmetyczka.pl\/?page_id=24","title":{"rendered":"O blogu"},"content":{"rendered":"\n<p>Blog \u201eUprawa Bez Tajemnic\u201d powsta\u0142 z my\u015bl\u0105 o osobach, kt\u00f3re chc\u0105 lepiej zrozumie\u0107 procesy zachodz\u0105ce w ogrodzie i gospodarstwie. <strong>To miejsce, gdzie teoria spotyka si\u0119 z praktyk\u0105<\/strong>, a ka\u017cdy artyku\u0142 dostarcza konkretnych i sprawdzonych informacji.<\/p>\n\n\n\n<ul class=\"wp-block-list\">\n<li><strong>Publikujemy tre\u015bci dotycz\u0105ce ochrony ro\u015blin, zwalczania chwast\u00f3w i kontroli szkodnik\u00f3w<\/strong><\/li>\n\n\n\n<li><strong>Wyja\u015bniamy dzia\u0142anie preparat\u00f3w i metod stosowanych w ogrodnictwie i rolnictwie<\/strong><\/li>\n\n\n\n<li><strong>Pokazujemy, jak podejmowa\u0107 \u015bwiadome decyzje w uprawie ro\u015blin<\/strong><\/li>\n\n\n\n<li><strong>Skupiamy si\u0119 na rozwi\u0105zaniach, kt\u00f3re mo\u017cna zastosowa\u0107 w praktyce<\/strong><\/li>\n<\/ul>\n\n\n\n<p><strong>Blog kierowany jest zar\u00f3wno do pocz\u0105tkuj\u0105cych, jak i bardziej zaawansowanych u\u017cytkownik\u00f3w<\/strong>, kt\u00f3rzy chc\u0105 rozwija\u0107 swoj\u0105 wiedz\u0119. Ka\u017cdy wpis tworzony jest z naciskiem na konkret, przejrzysto\u015b\u0107 i u\u017cyteczno\u015b\u0107.<\/p>\n\n\n\n<p><strong>Naszym celem jest edukacja i inspirowanie do prowadzenia upraw w spos\u00f3b przemy\u015blany, skuteczny i odpowiedzialny<\/strong>, bez zb\u0119dnych uproszcze\u0144 i bez nadmiernego komplikowania tematu.<\/p>\n","protected":false},"excerpt":{"rendered":"<p>Blog \u201eUprawa Bez Tajemnic\u201d powsta\u0142 z my\u015bl\u0105 o osobach, kt\u00f3re chc\u0105 lepiej zrozumie\u0107 procesy zachodz\u0105ce w ogrodzie i gospodarstwie. To miejsce, gdzie teoria spotyka si\u0119 z praktyk\u0105, a ka\u017cdy artyku\u0142 dostarcza konkretnych i sprawdzonych informacji. Blog kierowany jest zar\u00f3wno do pocz\u0105tkuj\u0105cych, jak i bardziej zaawansowanych u\u017cytkownik\u00f3w, kt\u00f3rzy chc\u0105 rozwija\u0107 swoj\u0105 wiedz\u0119. Ka\u017cdy wpis tworzony jest&hellip;<\/p>\n<p><a class=\"more-link\" href=\"http:\/\/toksycznakosmetyczka.pl\/?page_id=24\" title=\"Continue reading &lsquo;O blogu&rsquo;\">Continue reading <span class=\"meta-nav\">&rarr;<\/span><\/a><\/p>\n","protected":false},"author":1,"featured_media":0,"parent":0,"menu_order":0,"comment_status":"closed","ping_status":"closed","template":"","meta":{"footnotes":""},"class_list":["post-24","page","type-page","status-publish","hentry"],"_links":{"self":[{"href":"http:\/\/toksycznakosmetyczka.pl\/index.php?rest_route=\/wp\/v2\/pages\/24","targetHints":{"allow":["GET"]}}],"collection":[{"href":"http:\/\/toksycznakosmetyczka.pl\/index.php?rest_route=\/wp\/v2\/pages"}],"about":[{"href":"http:\/\/toksycznakosmetyczka.pl\/index.php?rest_route=\/wp\/v2\/types\/page"}],"author":[{"embeddable":true,"href":"http:\/\/toksycznakosmetyczka.pl\/index.php?rest_route=\/wp\/v2\/users\/1"}],"replies":[{"embeddable":true,"href":"http:\/\/toksycznakosmetyczka.pl\/index.php?rest_route=%2Fwp%2Fv2%2Fcomments&post=24"}],"version-history":[{"count":1,"href":"http:\/\/toksycznakosmetyczka.pl\/index.php?rest_route=\/wp\/v2\/pages\/24\/revisions"}],"predecessor-version":[{"id":25,"href":"http:\/\/toksycznakosmetyczka.pl\/index.php?rest_route=\/wp\/v2\/pages\/24\/revisions\/25"}],"wp:attachment":[{"href":"http:\/\/toksycznakosmetyczka.pl\/index.php?rest_route=%2Fwp%2Fv2%2Fmedia&parent=24"}],"curies":[{"name":"wp","href":"https:\/\/api.w.org\/{rel}","templated":true}]}}